{"id":7675,"date":"2023-03-12T10:01:58","date_gmt":"2023-03-12T10:01:58","guid":{"rendered":"https:\/\/cave-emery.ch\/produit\/beauregard-gamay-grand-cru\/"},"modified":"2023-04-21T16:35:27","modified_gmt":"2023-04-21T16:35:27","slug":"beauregard-gamay-grand-cru","status":"publish","type":"product","link":"https:\/\/cave-emery.ch\/de\/produit\/beauregard-gamay-grand-cru\/","title":{"rendered":"Beauregard<br>Gamay"},"content":{"rendered":"<p><strong>Eleganter und geschmeidiger Gamay mit sch\u00f6nen Pfeffernoten<\/strong><\/p>\n<p>Der sehr kontrollierte Ertrag und die bei perfekter Reife gepfl\u00fcckten Trauben erm\u00f6glichen den Ausdruck der pfeffrigen Noten dieses so angenehmen Gamays. Genie\u00dfen Sie ihn zu einem Nudelgericht oder zu gegrilltem Fleisch.<\/p>\n<p><strong>Optionen Inhalt: 35cl, 50cl, 70cl<\/strong><\/p>\n","protected":false},"excerpt":{"rendered":"<p><strong>Eleganter und geschmeidiger Gamay mit sch\u00f6nen Pfeffernoten<\/strong><\/p>\n<p>Der sehr kontrollierte Ertrag und die bei perfekter Reife gepfl\u00fcckten Trauben erm\u00f6glichen den Ausdruck der pfeffrigen Noten dieses so angenehmen Gamays. Genie\u00dfen Sie ihn zu einem Nudelgericht oder zu gegrilltem Fleisch.<\/p>\n<p><strong>Optionen Inhalt: 35cl, 50cl, 70cl<\/strong><\/p>\n","protected":false},"featured_media":11300,"template":"","meta":{"site-sidebar-layout":"default","site-content-layout":"default","ast-site-content-layout":"default","site-content-style":"default","site-sidebar-style":"default","ast-global-header-display":"","ast-banner-title-visibility":"","ast-main-header-display":"","ast-hfb-above-header-display":"","ast-hfb-below-header-display":"","ast-hfb-mobile-header-display":"","site-post-title":"","ast-breadcrumbs-content":"","ast-featured-img":"","footer-sml-layout":"","theme-transparent-header-meta":"default","adv-header-id-meta":"","stick-header-meta":"default","header-above-stick-meta":"","header-main-stick-meta":"","header-below-stick-meta":"","astra-migrate-meta-layouts":"default","ast-page-background-enabled":"default","ast-page-background-meta":{"desktop":{"background-color":"var(--ast-global-color-4)","background-image":"","background-repeat":"repeat","background-position":"center center","background-size":"auto","background-attachment":"scroll","background-type":"","background-media":"","overlay-type":"","overlay-color":"","overlay-opacity":"","overlay-gradient":""},"tablet":{"background-color":"","background-image":"","background-repeat":"repeat","background-position":"center center","background-size":"auto","background-attachment":"scroll","background-type":"","background-media":"","overlay-type":"","overlay-color":"","overlay-opacity":"","overlay-gradient":""},"mobile":{"background-color":"","background-image":"","background-repeat":"repeat","background-position":"center center","background-size":"auto","background-attachment":"scroll","background-type":"","background-media":"","overlay-type":"","overlay-color":"","overlay-opacity":"","overlay-gradient":""}},"ast-content-background-meta":{"desktop":{"background-color":"var(--ast-global-color-5)","background-image":"","background-repeat":"repeat","background-position":"center center","background-size":"auto","background-attachment":"scroll","background-type":"","background-media":"","overlay-type":"","overlay-color":"","overlay-opacity":"","overlay-gradient":""},"tablet":{"background-color":"var(--ast-global-color-5)","background-image":"","background-repeat":"repeat","background-position":"center center","background-size":"auto","background-attachment":"scroll","background-type":"","background-media":"","overlay-type":"","overlay-color":"","overlay-opacity":"","overlay-gradient":""},"mobile":{"background-color":"var(--ast-global-color-5)","background-image":"","background-repeat":"repeat","background-position":"center center","background-size":"auto","background-attachment":"scroll","background-type":"","background-media":"","overlay-type":"","overlay-color":"","overlay-opacity":"","overlay-gradient":""}}},"product_brand":[],"product_cat":[110],"product_tag":[180,124,113,191,183],"class_list":{"0":"post-7675","1":"product","2":"type-product","3":"status-publish","4":"has-post-thumbnail","6":"product_cat-rotwein","7":"product_tag-fruchtig","8":"product_tag-gamay-de","9":"product_tag-grand-cru-de","10":"product_tag-medaillengewinner","11":"product_tag-wurzig","12":"desktop-align-center","13":"tablet-align-left","14":"mobile-align-left","15":"ast-product-gallery-layout-horizontal-slider","16":"ast-product-gallery-with-no-image","17":"ast-product-single-variable","18":"ast-product-tabs-layout-accordion","20":"first","21":"instock","22":"taxable","23":"shipping-taxable","24":"purchasable","25":"product-type-variable"},"_links":{"self":[{"href":"https:\/\/cave-emery.ch\/de\/wp-json\/wp\/v2\/product\/7675","targetHints":{"allow":["GET"]}}],"collection":[{"href":"https:\/\/cave-emery.ch\/de\/wp-json\/wp\/v2\/product"}],"about":[{"href":"https:\/\/cave-emery.ch\/de\/wp-json\/wp\/v2\/types\/product"}],"wp:featuredmedia":[{"embeddable":true,"href":"https:\/\/cave-emery.ch\/de\/wp-json\/wp\/v2\/media\/11300"}],"wp:attachment":[{"href":"https:\/\/cave-emery.ch\/de\/wp-json\/wp\/v2\/media?parent=7675"}],"wp:term":[{"taxonomy":"product_brand","embeddable":true,"href":"https:\/\/cave-emery.ch\/de\/wp-json\/wp\/v2\/product_brand?post=7675"},{"taxonomy":"product_cat","embeddable":true,"href":"https:\/\/cave-emery.ch\/de\/wp-json\/wp\/v2\/product_cat?post=7675"},{"taxonomy":"product_tag","embeddable":true,"href":"https:\/\/cave-emery.ch\/de\/wp-json\/wp\/v2\/product_tag?post=7675"}],"curies":[{"name":"wp","href":"https:\/\/api.w.org\/{rel}","templated":true}]}}