{"id":7669,"date":"2023-03-12T10:27:59","date_gmt":"2023-03-12T10:27:59","guid":{"rendered":"https:\/\/cave-emery.ch\/produit\/helio-dor-chasselas\/"},"modified":"2023-04-21T16:33:37","modified_gmt":"2023-04-21T16:33:37","slug":"helio-dor-chasselas","status":"publish","type":"product","link":"https:\/\/cave-emery.ch\/de\/produit\/helio-dor-chasselas\/","title":{"rendered":"Helio d&#8217;Or<br>Chasselas"},"content":{"rendered":"<p><strong>Chasselas aus unserer Parzelle &#8222;En Bettelin&#8220;, die seit mehreren Jahren biodynamisch bearbeitet wird, ohne synthetische Produkte oder Unkrautvernichtungsmittel.<\/strong><\/p>\n<p>Dieser Wein zeichnet sich durch diese fruchtigen Noten aus, insbesondere von gelben Pfirsichen. Ein s\u00fc\u00dfer und frischer Mund begleitet die Struktur dieses Weins. Die Bittermandel unterstreicht das Terroir in der Typizit\u00e4t dieses traditionellen, ausgewogenen Chasselas.<\/p>\n<p><strong>Inhalt: 70cl<\/strong><\/p>\n","protected":false},"excerpt":{"rendered":"<p><strong>Chasselas aus unserer Parzelle &#8222;En Bettelin&#8220;, die seit mehreren Jahren biodynamisch bearbeitet wird, ohne synthetische Produkte oder Unkrautvernichtungsmittel.<\/strong><\/p>\n<p>Dieser Wein zeichnet sich durch diese fruchtigen Noten aus, insbesondere von gelben Pfirsichen. Ein s\u00fc\u00dfer und frischer Mund begleitet die Struktur dieses Weins. Die Bittermandel unterstreicht das Terroir in der Typizit\u00e4t dieses traditionellen, ausgewogenen Chasselas.<\/p>\n<p><strong>Inhalt: 70cl<\/strong><\/p>\n","protected":false},"featured_media":11276,"template":"","meta":{"site-sidebar-layout":"default","site-content-layout":"default","ast-site-content-layout":"default","site-content-style":"default","site-sidebar-style":"default","ast-global-header-display":"","ast-banner-title-visibility":"","ast-main-header-display":"","ast-hfb-above-header-display":"","ast-hfb-below-header-display":"","ast-hfb-mobile-header-display":"","site-post-title":"","ast-breadcrumbs-content":"","ast-featured-img":"","footer-sml-layout":"","theme-transparent-header-meta":"default","adv-header-id-meta":"","stick-header-meta":"default","header-above-stick-meta":"","header-main-stick-meta":"","header-below-stick-meta":"","astra-migrate-meta-layouts":"default","ast-page-background-enabled":"default","ast-page-background-meta":{"desktop":{"background-color":"var(--ast-global-color-4)","background-image":"","background-repeat":"repeat","background-position":"center center","background-size":"auto","background-attachment":"scroll","background-type":"","background-media":"","overlay-type":"","overlay-color":"","overlay-opacity":"","overlay-gradient":""},"tablet":{"background-color":"","background-image":"","background-repeat":"repeat","background-position":"center center","background-size":"auto","background-attachment":"scroll","background-type":"","background-media":"","overlay-type":"","overlay-color":"","overlay-opacity":"","overlay-gradient":""},"mobile":{"background-color":"","background-image":"","background-repeat":"repeat","background-position":"center center","background-size":"auto","background-attachment":"scroll","background-type":"","background-media":"","overlay-type":"","overlay-color":"","overlay-opacity":"","overlay-gradient":""}},"ast-content-background-meta":{"desktop":{"background-color":"var(--ast-global-color-5)","background-image":"","background-repeat":"repeat","background-position":"center center","background-size":"auto","background-attachment":"scroll","background-type":"","background-media":"","overlay-type":"","overlay-color":"","overlay-opacity":"","overlay-gradient":""},"tablet":{"background-color":"var(--ast-global-color-5)","background-image":"","background-repeat":"repeat","background-position":"center center","background-size":"auto","background-attachment":"scroll","background-type":"","background-media":"","overlay-type":"","overlay-color":"","overlay-opacity":"","overlay-gradient":""},"mobile":{"background-color":"var(--ast-global-color-5)","background-image":"","background-repeat":"repeat","background-position":"center center","background-size":"auto","background-attachment":"scroll","background-type":"","background-media":"","overlay-type":"","overlay-color":"","overlay-opacity":"","overlay-gradient":""}}},"product_brand":[],"product_cat":[103],"product_tag":[104,180,181],"class_list":{"0":"post-7669","1":"product","2":"type-product","3":"status-publish","4":"has-post-thumbnail","6":"product_cat-weiswein","7":"product_tag-chasselas-de","8":"product_tag-fruchtig","9":"product_tag-mineral-de","10":"desktop-align-center","11":"tablet-align-left","12":"mobile-align-left","13":"ast-product-gallery-layout-horizontal-slider","14":"ast-product-gallery-with-no-image","15":"ast-product-tabs-layout-accordion","17":"first","18":"instock","19":"taxable","20":"shipping-taxable","21":"purchasable","22":"product-type-simple"},"_links":{"self":[{"href":"https:\/\/cave-emery.ch\/de\/wp-json\/wp\/v2\/product\/7669","targetHints":{"allow":["GET"]}}],"collection":[{"href":"https:\/\/cave-emery.ch\/de\/wp-json\/wp\/v2\/product"}],"about":[{"href":"https:\/\/cave-emery.ch\/de\/wp-json\/wp\/v2\/types\/product"}],"wp:featuredmedia":[{"embeddable":true,"href":"https:\/\/cave-emery.ch\/de\/wp-json\/wp\/v2\/media\/11276"}],"wp:attachment":[{"href":"https:\/\/cave-emery.ch\/de\/wp-json\/wp\/v2\/media?parent=7669"}],"wp:term":[{"taxonomy":"product_brand","embeddable":true,"href":"https:\/\/cave-emery.ch\/de\/wp-json\/wp\/v2\/product_brand?post=7669"},{"taxonomy":"product_cat","embeddable":true,"href":"https:\/\/cave-emery.ch\/de\/wp-json\/wp\/v2\/product_cat?post=7669"},{"taxonomy":"product_tag","embeddable":true,"href":"https:\/\/cave-emery.ch\/de\/wp-json\/wp\/v2\/product_tag?post=7669"}],"curies":[{"name":"wp","href":"https:\/\/api.w.org\/{rel}","templated":true}]}}