{"id":7649,"date":"2023-03-17T07:49:55","date_gmt":"2023-03-17T07:49:55","guid":{"rendered":"https:\/\/cave-emery.ch\/produit\/entdeckungskiste-6-grosskrusten\/"},"modified":"2024-11-19T15:46:03","modified_gmt":"2024-11-19T15:46:03","slug":"entdeckungskiste-6-grosskrusten","status":"publish","type":"product","link":"https:\/\/cave-emery.ch\/de\/produit\/entdeckungskiste-6-grosskrusten\/","title":{"rendered":"ENTDECKUNGSPAKET<br>6 Crus<br><br>S\u00e9lection<br>du Vigneron"},"content":{"rendered":"<p><strong>Nur das Beste, das mit Sorgfalt f\u00fcr Sie ausgew\u00e4hlt wurde. <\/strong>Z\u00f6gern Sie nicht, ihn nach Ihren W\u00fcnschen zu gestalten!<strong><strong>Zusammensetzung <\/strong>6 x 70cl Grands Crus aus unserem Sortiment<\/strong><\/p>\n","protected":false},"excerpt":{"rendered":"<p><strong>Nur das Beste, das mit Sorgfalt f\u00fcr Sie ausgew\u00e4hlt wurde. <\/strong>Z\u00f6gern Sie nicht, ihn nach Ihren W\u00fcnschen zu gestalten!<strong><strong>Zusammensetzung <\/strong>6 x 70cl Grands Crus aus unserem Sortiment<\/strong><\/p>\n","protected":false},"featured_media":11428,"template":"","meta":{"site-sidebar-layout":"default","site-content-layout":"default","ast-site-content-layout":"default","site-content-style":"default","site-sidebar-style":"default","ast-global-header-display":"","ast-banner-title-visibility":"","ast-main-header-display":"","ast-hfb-above-header-display":"","ast-hfb-below-header-display":"","ast-hfb-mobile-header-display":"","site-post-title":"","ast-breadcrumbs-content":"","ast-featured-img":"","footer-sml-layout":"","theme-transparent-header-meta":"default","adv-header-id-meta":"","stick-header-meta":"default","header-above-stick-meta":"","header-main-stick-meta":"","header-below-stick-meta":"","astra-migrate-meta-layouts":"default","ast-page-background-enabled":"default","ast-page-background-meta":{"desktop":{"background-color":"var(--ast-global-color-4)","background-image":"","background-repeat":"repeat","background-position":"center center","background-size":"auto","background-attachment":"scroll","background-type":"","background-media":"","overlay-type":"","overlay-color":"","overlay-opacity":"","overlay-gradient":""},"tablet":{"background-color":"","background-image":"","background-repeat":"repeat","background-position":"center center","background-size":"auto","background-attachment":"scroll","background-type":"","background-media":"","overlay-type":"","overlay-color":"","overlay-opacity":"","overlay-gradient":""},"mobile":{"background-color":"","background-image":"","background-repeat":"repeat","background-position":"center center","background-size":"auto","background-attachment":"scroll","background-type":"","background-media":"","overlay-type":"","overlay-color":"","overlay-opacity":"","overlay-gradient":""}},"ast-content-background-meta":{"desktop":{"background-color":"var(--ast-global-color-5)","background-image":"","background-repeat":"repeat","background-position":"center center","background-size":"auto","background-attachment":"scroll","background-type":"","background-media":"","overlay-type":"","overlay-color":"","overlay-opacity":"","overlay-gradient":""},"tablet":{"background-color":"var(--ast-global-color-5)","background-image":"","background-repeat":"repeat","background-position":"center center","background-size":"auto","background-attachment":"scroll","background-type":"","background-media":"","overlay-type":"","overlay-color":"","overlay-opacity":"","overlay-gradient":""},"mobile":{"background-color":"var(--ast-global-color-5)","background-image":"","background-repeat":"repeat","background-position":"center center","background-size":"auto","background-attachment":"scroll","background-type":"","background-media":"","overlay-type":"","overlay-color":"","overlay-opacity":"","overlay-gradient":""}}},"product_brand":[],"product_cat":[126,110,103],"product_tag":[140,113],"class_list":{"0":"post-7649","1":"product","2":"type-product","3":"status-publish","4":"has-post-thumbnail","6":"product_cat-rosewein","7":"product_cat-rotwein","8":"product_cat-weiswein","9":"product_tag-coffret-de","10":"product_tag-grand-cru-de","11":"desktop-align-center","12":"tablet-align-left","13":"mobile-align-left","14":"ast-product-gallery-layout-horizontal-slider","15":"ast-product-gallery-with-no-image","16":"ast-product-tabs-layout-accordion","18":"first","19":"outofstock","20":"taxable","21":"shipping-taxable","22":"purchasable","23":"product-type-simple"},"_links":{"self":[{"href":"https:\/\/cave-emery.ch\/de\/wp-json\/wp\/v2\/product\/7649","targetHints":{"allow":["GET"]}}],"collection":[{"href":"https:\/\/cave-emery.ch\/de\/wp-json\/wp\/v2\/product"}],"about":[{"href":"https:\/\/cave-emery.ch\/de\/wp-json\/wp\/v2\/types\/product"}],"wp:featuredmedia":[{"embeddable":true,"href":"https:\/\/cave-emery.ch\/de\/wp-json\/wp\/v2\/media\/11428"}],"wp:attachment":[{"href":"https:\/\/cave-emery.ch\/de\/wp-json\/wp\/v2\/media?parent=7649"}],"wp:term":[{"taxonomy":"product_brand","embeddable":true,"href":"https:\/\/cave-emery.ch\/de\/wp-json\/wp\/v2\/product_brand?post=7649"},{"taxonomy":"product_cat","embeddable":true,"href":"https:\/\/cave-emery.ch\/de\/wp-json\/wp\/v2\/product_cat?post=7649"},{"taxonomy":"product_tag","embeddable":true,"href":"https:\/\/cave-emery.ch\/de\/wp-json\/wp\/v2\/product_tag?post=7649"}],"curies":[{"name":"wp","href":"https:\/\/api.w.org\/{rel}","templated":true}]}}