{"id":7646,"date":"2023-03-12T10:20:19","date_gmt":"2023-03-12T10:20:19","guid":{"rendered":"https:\/\/cave-emery.ch\/produit\/sauvignon-blanc\/"},"modified":"2024-11-05T15:34:16","modified_gmt":"2024-11-05T15:34:16","slug":"sauvignon-blanc","status":"publish","type":"product","link":"https:\/\/cave-emery.ch\/de\/produit\/sauvignon-blanc\/","title":{"rendered":"SAUVIGNON<br>BLANC<br><br>Aigle Grand Cru<br>Chablais AOC"},"content":{"rendered":"<p><strong>Die schmeichelnde und aromatische Nase macht Platz f\u00fcr einen reichen und strukturierten Wein <\/strong>. Ein Aperitifwein und ideal zu Lachs und ger\u00e4uchertem Fisch. Die sch\u00f6ne Komplexit\u00e4t des Jahrgangs 2022 wird durch eine Weinbereitung ohne malolaktische G\u00e4rung erreicht.  <strong>Inhalt: 70cl<\/strong><\/p>\n","protected":false},"excerpt":{"rendered":"<p>Der Sauvignon Blanc mit seiner schmeichelnden Nase ist ein komplexer Wei\u00dfwein mit zarten Aromen. Als Spiegelbild des Sommers kann er reich und strukturiert sein, oder er verf\u00fchrt mit einer sch\u00f6nen Frische am Gaumen. Es ist ein ausgewogener Wein, der Finesse und Kraft vereint, mit einem lang anhaltenden und angenehmen Abgang im Mund. Er sollte als Aperitif entdeckt werden und passt hervorragend zu Lachs und ger\u00e4uchertem Fisch. Die Trauben werden bei optimaler Reife gepfl\u00fcckt und langsam zu einem Wein vergoren, der perfekt f\u00fcr Liebhaber von aromatischen und frischen Wei\u00dfweinen ist.  <strong>Inhalt: 70cl  <\/strong><\/p>\n","protected":false},"featured_media":11288,"template":"","meta":{"site-sidebar-layout":"default","site-content-layout":"default","ast-site-content-layout":"default","site-content-style":"default","site-sidebar-style":"default","ast-global-header-display":"","ast-banner-title-visibility":"","ast-main-header-display":"","ast-hfb-above-header-display":"","ast-hfb-below-header-display":"","ast-hfb-mobile-header-display":"","site-post-title":"","ast-breadcrumbs-content":"","ast-featured-img":"","footer-sml-layout":"","theme-transparent-header-meta":"default","adv-header-id-meta":"","stick-header-meta":"default","header-above-stick-meta":"","header-main-stick-meta":"","header-below-stick-meta":"","astra-migrate-meta-layouts":"default","ast-page-background-enabled":"default","ast-page-background-meta":{"desktop":{"background-color":"var(--ast-global-color-4)","background-image":"","background-repeat":"repeat","background-position":"center center","background-size":"auto","background-attachment":"scroll","background-type":"","background-media":"","overlay-type":"","overlay-color":"","overlay-opacity":"","overlay-gradient":""},"tablet":{"background-color":"","background-image":"","background-repeat":"repeat","background-position":"center center","background-size":"auto","background-attachment":"scroll","background-type":"","background-media":"","overlay-type":"","overlay-color":"","overlay-opacity":"","overlay-gradient":""},"mobile":{"background-color":"","background-image":"","background-repeat":"repeat","background-position":"center center","background-size":"auto","background-attachment":"scroll","background-type":"","background-media":"","overlay-type":"","overlay-color":"","overlay-opacity":"","overlay-gradient":""}},"ast-content-background-meta":{"desktop":{"background-color":"var(--ast-global-color-5)","background-image":"","background-repeat":"repeat","background-position":"center center","background-size":"auto","background-attachment":"scroll","background-type":"","background-media":"","overlay-type":"","overlay-color":"","overlay-opacity":"","overlay-gradient":""},"tablet":{"background-color":"var(--ast-global-color-5)","background-image":"","background-repeat":"repeat","background-position":"center center","background-size":"auto","background-attachment":"scroll","background-type":"","background-media":"","overlay-type":"","overlay-color":"","overlay-opacity":"","overlay-gradient":""},"mobile":{"background-color":"var(--ast-global-color-5)","background-image":"","background-repeat":"repeat","background-position":"center center","background-size":"auto","background-attachment":"scroll","background-type":"","background-media":"","overlay-type":"","overlay-color":"","overlay-opacity":"","overlay-gradient":""}}},"product_brand":[],"product_cat":[103],"product_tag":[180,113,191,105],"class_list":{"0":"post-7646","1":"product","2":"type-product","3":"status-publish","4":"has-post-thumbnail","6":"product_cat-weiswein","7":"product_tag-fruchtig","8":"product_tag-grand-cru-de","9":"product_tag-medaillengewinner","10":"product_tag-sauvignon-blanc-de","11":"desktop-align-center","12":"tablet-align-left","13":"mobile-align-left","14":"ast-product-gallery-layout-horizontal-slider","15":"ast-product-gallery-with-no-image","16":"ast-product-tabs-layout-accordion","18":"first","19":"outofstock","20":"taxable","21":"shipping-taxable","22":"product-type-simple"},"_links":{"self":[{"href":"https:\/\/cave-emery.ch\/de\/wp-json\/wp\/v2\/product\/7646","targetHints":{"allow":["GET"]}}],"collection":[{"href":"https:\/\/cave-emery.ch\/de\/wp-json\/wp\/v2\/product"}],"about":[{"href":"https:\/\/cave-emery.ch\/de\/wp-json\/wp\/v2\/types\/product"}],"wp:featuredmedia":[{"embeddable":true,"href":"https:\/\/cave-emery.ch\/de\/wp-json\/wp\/v2\/media\/11288"}],"wp:attachment":[{"href":"https:\/\/cave-emery.ch\/de\/wp-json\/wp\/v2\/media?parent=7646"}],"wp:term":[{"taxonomy":"product_brand","embeddable":true,"href":"https:\/\/cave-emery.ch\/de\/wp-json\/wp\/v2\/product_brand?post=7646"},{"taxonomy":"product_cat","embeddable":true,"href":"https:\/\/cave-emery.ch\/de\/wp-json\/wp\/v2\/product_cat?post=7646"},{"taxonomy":"product_tag","embeddable":true,"href":"https:\/\/cave-emery.ch\/de\/wp-json\/wp\/v2\/product_tag?post=7646"}],"curies":[{"name":"wp","href":"https:\/\/api.w.org\/{rel}","templated":true}]}}