{"id":7627,"date":"2023-03-12T10:15:50","date_gmt":"2023-03-12T10:15:50","guid":{"rendered":"https:\/\/cave-emery.ch\/produit\/pointe-de-rose-oeil-de-perdrix\/"},"modified":"2023-04-21T16:34:34","modified_gmt":"2023-04-21T16:34:34","slug":"pointe-de-rose-oeil-de-perdrix","status":"publish","type":"product","link":"https:\/\/cave-emery.ch\/de\/produit\/pointe-de-rose-oeil-de-perdrix\/","title":{"rendered":"Pointe de Rose<br>Oeil-de-Perdrix"},"content":{"rendered":"<p><strong>Reicher und strukturierter Ros\u00e9, sch\u00f6ne Fruchtigkeit: ein Gastronomiewein<\/strong><\/p>\n<p>Der Sommer und die mediterrane K\u00fcche kommen ihm sehr entgegen. Ros\u00e9 aus Pinot Noir mit einer sch\u00f6nen Farbextraktion.<\/p>\n<p><strong>Optionen Inhalt: 50cl, 70cl<\/strong><\/p>\n","protected":false},"excerpt":{"rendered":"<p><strong>Reicher und strukturierter Ros\u00e9, sch\u00f6ne Fruchtigkeit: ein Gastronomiewein<\/strong><\/p>\n<p>Der Sommer und die mediterrane K\u00fcche kommen ihm sehr entgegen. Ros\u00e9 aus Pinot Noir mit einer sch\u00f6nen Farbextraktion.<\/p>\n<p><strong>Optionen Inhalt: 50cl, 70cl<\/strong><\/p>\n","protected":false},"featured_media":11419,"template":"","meta":{"site-sidebar-layout":"default","site-content-layout":"default","ast-site-content-layout":"default","site-content-style":"default","site-sidebar-style":"default","ast-global-header-display":"","ast-banner-title-visibility":"","ast-main-header-display":"","ast-hfb-above-header-display":"","ast-hfb-below-header-display":"","ast-hfb-mobile-header-display":"","site-post-title":"","ast-breadcrumbs-content":"","ast-featured-img":"","footer-sml-layout":"","theme-transparent-header-meta":"default","adv-header-id-meta":"","stick-header-meta":"default","header-above-stick-meta":"","header-main-stick-meta":"","header-below-stick-meta":"","astra-migrate-meta-layouts":"default","ast-page-background-enabled":"default","ast-page-background-meta":{"desktop":{"background-color":"var(--ast-global-color-4)","background-image":"","background-repeat":"repeat","background-position":"center center","background-size":"auto","background-attachment":"scroll","background-type":"","background-media":"","overlay-type":"","overlay-color":"","overlay-opacity":"","overlay-gradient":""},"tablet":{"background-color":"","background-image":"","background-repeat":"repeat","background-position":"center center","background-size":"auto","background-attachment":"scroll","background-type":"","background-media":"","overlay-type":"","overlay-color":"","overlay-opacity":"","overlay-gradient":""},"mobile":{"background-color":"","background-image":"","background-repeat":"repeat","background-position":"center center","background-size":"auto","background-attachment":"scroll","background-type":"","background-media":"","overlay-type":"","overlay-color":"","overlay-opacity":"","overlay-gradient":""}},"ast-content-background-meta":{"desktop":{"background-color":"var(--ast-global-color-5)","background-image":"","background-repeat":"repeat","background-position":"center center","background-size":"auto","background-attachment":"scroll","background-type":"","background-media":"","overlay-type":"","overlay-color":"","overlay-opacity":"","overlay-gradient":""},"tablet":{"background-color":"var(--ast-global-color-5)","background-image":"","background-repeat":"repeat","background-position":"center center","background-size":"auto","background-attachment":"scroll","background-type":"","background-media":"","overlay-type":"","overlay-color":"","overlay-opacity":"","overlay-gradient":""},"mobile":{"background-color":"var(--ast-global-color-5)","background-image":"","background-repeat":"repeat","background-position":"center center","background-size":"auto","background-attachment":"scroll","background-type":"","background-media":"","overlay-type":"","overlay-color":"","overlay-opacity":"","overlay-gradient":""}}},"product_brand":[],"product_cat":[126],"product_tag":[180,113,191,112],"class_list":{"0":"post-7627","1":"product","2":"type-product","3":"status-publish","4":"has-post-thumbnail","6":"product_cat-rosewein","7":"product_tag-fruchtig","8":"product_tag-grand-cru-de","9":"product_tag-medaillengewinner","10":"product_tag-pinot-noir-de","11":"desktop-align-center","12":"tablet-align-left","13":"mobile-align-left","14":"ast-product-gallery-layout-horizontal-slider","15":"ast-product-gallery-with-no-image","16":"ast-product-single-variable","17":"ast-product-tabs-layout-accordion","19":"first","20":"instock","21":"taxable","22":"shipping-taxable","23":"purchasable","24":"product-type-variable"},"_links":{"self":[{"href":"https:\/\/cave-emery.ch\/de\/wp-json\/wp\/v2\/product\/7627","targetHints":{"allow":["GET"]}}],"collection":[{"href":"https:\/\/cave-emery.ch\/de\/wp-json\/wp\/v2\/product"}],"about":[{"href":"https:\/\/cave-emery.ch\/de\/wp-json\/wp\/v2\/types\/product"}],"wp:featuredmedia":[{"embeddable":true,"href":"https:\/\/cave-emery.ch\/de\/wp-json\/wp\/v2\/media\/11419"}],"wp:attachment":[{"href":"https:\/\/cave-emery.ch\/de\/wp-json\/wp\/v2\/media?parent=7627"}],"wp:term":[{"taxonomy":"product_brand","embeddable":true,"href":"https:\/\/cave-emery.ch\/de\/wp-json\/wp\/v2\/product_brand?post=7627"},{"taxonomy":"product_cat","embeddable":true,"href":"https:\/\/cave-emery.ch\/de\/wp-json\/wp\/v2\/product_cat?post=7627"},{"taxonomy":"product_tag","embeddable":true,"href":"https:\/\/cave-emery.ch\/de\/wp-json\/wp\/v2\/product_tag?post=7627"}],"curies":[{"name":"wp","href":"https:\/\/api.w.org\/{rel}","templated":true}]}}