{"id":9990,"date":"2023-06-18T14:54:01","date_gmt":"2023-06-18T14:54:01","guid":{"rendered":"https:\/\/cave-emery.ch\/conditions-generales-de-vente\/"},"modified":"2025-09-16T19:15:51","modified_gmt":"2025-09-16T19:15:51","slug":"allgemeinen-geschaeftsbedingungen","status":"publish","type":"page","link":"https:\/\/cave-emery.ch\/de\/allgemeinen-geschaeftsbedingungen\/","title":{"rendered":"Allgemeinen Gesch\u00e4ftsbedingungen"},"content":{"rendered":"\t\t<div data-elementor-type=\"wp-page\" data-elementor-id=\"9990\" class=\"elementor elementor-9990 elementor-9195\" data-elementor-post-type=\"page\">\n\t\t\t\t\t\t<section class=\"elementor-section elementor-top-section elementor-element elementor-element-979e58e elementor-section-boxed elementor-section-height-default elementor-section-height-default\" data-id=\"979e58e\" data-element_type=\"section\" data-e-type=\"section\">\n\t\t\t\t\t\t<div class=\"elementor-container elementor-column-gap-default\">\n\t\t\t\t\t<div class=\"elementor-column elementor-col-100 elementor-top-column elementor-element elementor-element-c5aef7d\" data-id=\"c5aef7d\" data-element_type=\"column\" data-e-type=\"column\">\n\t\t\t<div class=\"elementor-widget-wrap elementor-element-populated\">\n\t\t\t\t\t\t<div class=\"elementor-element elementor-element-ded0b19 elementor-widget elementor-widget-text-editor\" data-id=\"ded0b19\" data-element_type=\"widget\" data-e-type=\"widget\" data-widget_type=\"text-editor.default\">\n\t\t\t\t<div class=\"elementor-widget-container\">\n\t\t\t\t\t\t\t\t\t<p>Akzeptanz der Allgemeinen Gesch\u00e4ftsbedingungen<\/p>\n<p>Diese Bedingungen gelten f\u00fcr den Verkauf von Produkten und Dienstleistungen durch Cave Alain Emery in Aigle \u00fcber ihren Online-Shop auf ihrer Website www.cave-emery.ch. Sie stehen dem K\u00e4ufer auf der Startseite zur Verf\u00fcgung. F\u00fcr einen Internetnutzer bedeutet die Best\u00e4tigung seiner Bestellung auf der Website von Cave Alain Emery und das Ankreuzen des K\u00e4stchens &#8222;Ich habe die AGB gelesen und akzeptiere sie&#8220; die volle und uneingeschr\u00e4nkte Akzeptanz dieser Allgemeinen Gesch\u00e4ftsbedingungen (AGB) in ihrer Gesamtheit.<\/p>\n<p>Vertrag<\/p>\n<p>Der Kaufvertrag kommt zustande, sobald Cave Alain Emery in Aigle die Bestellung erh\u00e4lt. Cave Alain Emery bleibt Eigent\u00fcmer der Ware bis zur vollst\u00e4ndigen Bezahlung, einschlie\u00dflich eventueller Versand- oder Lieferkosten. Es ist auch m\u00f6glich, die Bestellung w\u00e4hrend der \u00d6ffnungszeiten von Cave Alain Emery abzuholen oder nach Vereinbarung.<\/p>\n<p>Verkaufspreis<\/p>\n<p>Die in unserem Online-Shop und in unseren Preislisten angegebenen Preise verstehen sich in Schweizer Franken, inklusive 8% Mehrwertsteuer, ohne Versandkosten, ab unserem Weinkeller. Alle angezeigten Preise gelten vorbehaltlich der Verf\u00fcgbarkeit, \u00c4nderungen des Sortiments, Preisanpassungen je nach Jahrgang oder Bedingungen.<\/p>\n<p>Versandkosten<\/p>\n<p>Wir versenden Bestellungen bis zu 48 Flaschen nur in der Schweiz mit der Schweizerischen Post:<\/p>\n<p>1 bis 12 Flaschen + CHF 15.00 zus\u00e4tzlich in Rechnung gestellt<br>13 bis 24 Flaschen + CHF 30.00 zus\u00e4tzlich in Rechnung gestellt<br>25 bis 48 Flaschen + CHF 45.00 zus\u00e4tzlich in Rechnung gestellt<\/p>\n<p>Unsere Kartons k\u00f6nnen das \u00c4quivalent von enthalten:<br>12 Flaschen zu 70 cl, 15 Flaschen zu 50 cl oder 18 Flaschen zu 37,5 cl<\/p>\n<p>F\u00fcr Bestellungen von mehr als 48 Flaschen kontaktieren Sie uns bitte per E-Mail info@cave-emery.ch oder telefonisch unter +41 (0)79 797 88 31, um die Versand- oder Liefermodalit\u00e4ten mit uns zu vereinbaren.<\/p>\n<p>Versandart und Lieferzeit<\/p>\n<p>Die Lieferzeit beginnt nach \u00dcberpr\u00fcfung der Kundendaten durch Cave Alain Emery und nach Erhalt der vollst\u00e4ndigen Zahlung der Bestellung per Bank\u00fcberweisung oder Online-Zahlung mit einer der auf unserer Website angebotenen Methoden. Wir versenden den Wein innerhalb von 4 Werktagen nach Bestelldatum in unserem Online-Shop per Post in der gesamten Schweiz, vorbehaltlich der Verf\u00fcgbarkeit der bestellten Produkte. Im Falle einer Lieferverweigerung bleibt 50% der Gesamtrechnung f\u00e4llig.<\/p>\n<p>Zahlung<\/p>\n<p>Die Bezahlung der Waren erfolgt bei Bestellung vollst\u00e4ndig per Rechnung, Bank\u00fcberweisung oder Online-Zahlung mit den auf unserem Online-Shop angebotenen Zahlungsmethoden.<\/p>\n<p>Widerrufsrecht<\/p>\n<p>Wir m\u00f6chten den Kunden darauf hinweisen, dass eine einmal best\u00e4tigte Bestellung nicht storniert werden kann. Der Kunde ist verpflichtet, die erhaltenen Artikel zu \u00fcberpr\u00fcfen. Im Falle von Abweichungen von der Bestellung muss der Kunde Cave Alain Emery umgehend per E-Mail an info@cave-emery.ch oder telefonisch unter +41 (0)79 797 88 31 informieren. Diese Bestimmungen gelten jedoch nicht f\u00fcr Bestellungen von Produkten, die personalisiert oder auf besondere Anfrage des Kunden bei seiner Bestellung angepasst wurden (spezielle Formate, individuelle Verpackung usw.).<\/p>\t\t\t\t\t\t\t\t<\/div>\n\t\t\t\t<\/div>\n\t\t\t\t\t<\/div>\n\t\t<\/div>\n\t\t\t\t\t<\/div>\n\t\t<\/section>\n\t\t\t\t<\/div>\n\t\t","protected":false},"excerpt":{"rendered":"<p>Akzeptanz der Allgemeinen Gesch\u00e4ftsbedingungen Diese Bedingungen gelten f\u00fcr den Verkauf von Produkten und Dienstleistungen durch Cave Alain Emery in Aigle \u00fcber ihren Online-Shop auf ihrer Website www.cave-emery.ch. Sie stehen dem K\u00e4ufer auf der Startseite zur Verf\u00fcgung. F\u00fcr einen Internetnutzer bedeutet die Best\u00e4tigung seiner Bestellung auf der Website von Cave Alain Emery und das Ankreuzen des [&hellip;]<\/p>\n","protected":false},"author":4,"featured_media":0,"parent":0,"menu_order":0,"comment_status":"closed","ping_status":"closed","template":"","meta":{"site-sidebar-layout":"default","site-content-layout":"","ast-site-content-layout":"default","site-content-style":"default","site-sidebar-style":"default","ast-global-header-display":"","ast-banner-title-visibility":"","ast-main-header-display":"","ast-hfb-above-header-display":"","ast-hfb-below-header-display":"","ast-hfb-mobile-header-display":"","site-post-title":"","ast-breadcrumbs-content":"","ast-featured-img":"","footer-sml-layout":"","theme-transparent-header-meta":"","adv-header-id-meta":"","stick-header-meta":"","header-above-stick-meta":"","header-main-stick-meta":"","header-below-stick-meta":"","astra-migrate-meta-layouts":"set","ast-page-background-enabled":"default","ast-page-background-meta":{"desktop":{"background-color":"var(--ast-global-color-4)","background-image":"","background-repeat":"repeat","background-position":"center center","background-size":"auto","background-attachment":"scroll","background-type":"","background-media":"","overlay-type":"","overlay-color":"","overlay-opacity":"","overlay-gradient":""},"tablet":{"background-color":"","background-image":"","background-repeat":"repeat","background-position":"center center","background-size":"auto","background-attachment":"scroll","background-type":"","background-media":"","overlay-type":"","overlay-color":"","overlay-opacity":"","overlay-gradient":""},"mobile":{"background-color":"","background-image":"","background-repeat":"repeat","background-position":"center center","background-size":"auto","background-attachment":"scroll","background-type":"","background-media":"","overlay-type":"","overlay-color":"","overlay-opacity":"","overlay-gradient":""}},"ast-content-background-meta":{"desktop":{"background-color":"var(--ast-global-color-5)","background-image":"","background-repeat":"repeat","background-position":"center center","background-size":"auto","background-attachment":"scroll","background-type":"","background-media":"","overlay-type":"","overlay-color":"","overlay-opacity":"","overlay-gradient":""},"tablet":{"background-color":"var(--ast-global-color-5)","background-image":"","background-repeat":"repeat","background-position":"center center","background-size":"auto","background-attachment":"scroll","background-type":"","background-media":"","overlay-type":"","overlay-color":"","overlay-opacity":"","overlay-gradient":""},"mobile":{"background-color":"var(--ast-global-color-5)","background-image":"","background-repeat":"repeat","background-position":"center center","background-size":"auto","background-attachment":"scroll","background-type":"","background-media":"","overlay-type":"","overlay-color":"","overlay-opacity":"","overlay-gradient":""}},"footnotes":""},"class_list":["post-9990","page","type-page","status-publish","hentry"],"_links":{"self":[{"href":"https:\/\/cave-emery.ch\/de\/wp-json\/wp\/v2\/pages\/9990","targetHints":{"allow":["GET"]}}],"collection":[{"href":"https:\/\/cave-emery.ch\/de\/wp-json\/wp\/v2\/pages"}],"about":[{"href":"https:\/\/cave-emery.ch\/de\/wp-json\/wp\/v2\/types\/page"}],"author":[{"embeddable":true,"href":"https:\/\/cave-emery.ch\/de\/wp-json\/wp\/v2\/users\/4"}],"replies":[{"embeddable":true,"href":"https:\/\/cave-emery.ch\/de\/wp-json\/wp\/v2\/comments?post=9990"}],"version-history":[{"count":17,"href":"https:\/\/cave-emery.ch\/de\/wp-json\/wp\/v2\/pages\/9990\/revisions"}],"predecessor-version":[{"id":12988,"href":"https:\/\/cave-emery.ch\/de\/wp-json\/wp\/v2\/pages\/9990\/revisions\/12988"}],"wp:attachment":[{"href":"https:\/\/cave-emery.ch\/de\/wp-json\/wp\/v2\/media?parent=9990"}],"curies":[{"name":"wp","href":"https:\/\/api.w.org\/{rel}","templated":true}]}}