{"id":10009,"date":"2023-06-16T14:38:53","date_gmt":"2023-06-16T14:38:53","guid":{"rendered":"https:\/\/cave-emery.ch\/politique-de-confidentialite\/"},"modified":"2023-09-09T10:17:15","modified_gmt":"2023-09-09T10:17:15","slug":"datenschutzrichtlinie","status":"publish","type":"page","link":"https:\/\/cave-emery.ch\/de\/datenschutzrichtlinie\/","title":{"rendered":"Datenschutzrichtlinie"},"content":{"rendered":"\t\t<div data-elementor-type=\"wp-page\" data-elementor-id=\"10009\" class=\"elementor elementor-10009 elementor-9168\" data-elementor-post-type=\"page\">\n\t\t\t\t\t\t<section class=\"elementor-section elementor-top-section elementor-element elementor-element-34a2fdb2 elementor-section-boxed elementor-section-height-default elementor-section-height-default\" data-id=\"34a2fdb2\" data-element_type=\"section\" data-e-type=\"section\">\n\t\t\t\t\t\t<div class=\"elementor-container elementor-column-gap-default\">\n\t\t\t\t\t<div class=\"elementor-column elementor-col-100 elementor-top-column elementor-element elementor-element-110c7794\" data-id=\"110c7794\" data-element_type=\"column\" data-e-type=\"column\">\n\t\t\t<div class=\"elementor-widget-wrap elementor-element-populated\">\n\t\t\t\t\t\t<div class=\"elementor-element elementor-element-46fe23d elementor-widget elementor-widget-text-editor\" data-id=\"46fe23d\" data-element_type=\"widget\" data-e-type=\"widget\" data-widget_type=\"text-editor.default\">\n\t\t\t\t<div class=\"elementor-widget-container\">\n\t\t\t\t\t\t\t\t\t<p><strong>Bitte beachten Sie, dass der Inhalt auf der Website www.cave-emery.ch jederzeit von Cave Alain Emery ohne vorherige Ank\u00fcndigung ge\u00e4ndert oder erg\u00e4nzt werden kann, insbesondere um gesetzlichen, beh\u00f6rdlichen, gerichtlichen oder technologischen Entwicklungen gerecht zu werden. Benutzer sind ab dem Datum dieser \u00c4nderungen daran gebunden.<\/strong><\/p><p><strong>Schutz der auf der Website ver\u00f6ffentlichten Daten<\/strong><\/p><p>Gem\u00e4\u00df den Bestimmungen des Bundesgesetzes \u00fcber den Schutz von Marken und geografischen Herkunftsangaben (RS 232.11) vom 28. August 1992, das den rechtlichen Schutz von Datenbanken regelt, ist Cave Alain Emery der Hersteller und Eigent\u00fcmer aller oder eines Teils der Datenbanken, die diese Website bilden.<\/p><p>Alle Daten (Texte, Bilder, Grafiken, Logos, Symbole usw.) auf dieser Website sind urheberrechtlich gesch\u00fctzt.<\/p><p>Die Reproduktion, Darstellung, \u00c4nderung, Ver\u00f6ffentlichung oder Anpassung aller oder eines Teils der Elemente der Website, unabh\u00e4ngig von den verwendeten Mitteln oder Verfahren, ist nur f\u00fcr pers\u00f6nliche und nicht kommerzielle Zwecke gestattet und erfordert die vorherige schriftliche Genehmigung von Cave Alain Emery.<\/p><p>Cave Alain Emery bem\u00fcht sich, auf seiner Website genaue und aktuelle Informationen bereitzustellen. Es kann jedoch nicht f\u00fcr die Richtigkeit, Zuverl\u00e4ssigkeit und Vollst\u00e4ndigkeit der darin enthaltenen oder referenzierten Informationen garantieren.<\/p><p>Cave Alain Emery hat geeignete organisatorische und technische Ma\u00dfnahmen ergriffen, um jegliche unbeabsichtigte oder absichtliche Manipulation dieser Website sowie Datenverlust oder unbefugten Zugriff bei deren Verwendung zu verhindern. Systemausf\u00e4lle wie Unterbrechungen, Virenangriffe oder Datenverluste k\u00f6nnen jedoch nicht ausgeschlossen werden.<\/p><p>Diese Website enth\u00e4lt mehrere Hyperlinks zu anderen Websites. www.cave-emery.ch hat jedoch keine M\u00f6glichkeit, den Inhalt dieser Websites zu verfolgen und zu \u00fcberpr\u00fcfen, und \u00fcbernimmt daher keine Verantwortung daf\u00fcr.<\/p><p>Schlie\u00dflich beh\u00e4lt sich Cave Alain Emery das Recht vor, seine Website und die darin ver\u00f6ffentlichten Informationen jederzeit und ohne vorherige Ank\u00fcndigung zu erg\u00e4nzen, zu \u00e4ndern oder zu l\u00f6schen.<\/p><p>Schutz der pers\u00f6nlichen Daten des Benutzers<\/p><p>Cave Alain Emery verpflichtet sich zur Einhaltung des Datenschutzgesetzes (DSG). Ihre pers\u00f6nlichen Informationen werden niemals an Dritte weitergegeben, es sei denn, dies ist gesetzlich vorgeschrieben. Wir sammeln keine pers\u00f6nlichen Daten \u00fcber Sie, ohne dies ausdr\u00fccklich anzugeben (z. B. beim Erstellen eines Kontos, bei der Reservierung oder bei einer Bestellung).<\/p><p>Die gesammelten Informationen werden nur zu statistischen Zwecken verwendet. Sie k\u00f6nnen Ihre pers\u00f6nlichen Informationen in Ihrem Profil jederzeit \u00e4ndern. Cave Alain Emery in Aigle wird keine unerw\u00fcnschten kommerziellen E-Mails senden. Ihre pers\u00f6nlichen Informationen werden nicht l\u00e4nger als 36 Monate gespeichert.<\/p><p>Verwendung von Cookies<\/p><p>Wenn Sie einen Kommentar auf unserer Website hinterlassen, k\u00f6nnen Sie w\u00e4hlen, Ihren Namen, Ihre E-Mail-Adresse und Ihre Website in Cookies zu speichern. Dies dient Ihrer Bequemlichkeit, damit Sie diese Informationen nicht erneut eingeben m\u00fcssen, wenn Sie sp\u00e4ter einen weiteren Kommentar hinterlassen. Diese Cookies verfallen nach einem Jahr.<\/p><p>Wenn Sie unsere Anmeldeseite besuchen, wird ein tempor\u00e4rer Cookie erstellt, um festzustellen, ob Ihr Browser Cookies akzeptiert. Er enth\u00e4lt keine pers\u00f6nlichen Daten und wird automatisch gel\u00f6scht, wenn Sie Ihren Browser schlie\u00dfen.<\/p><p>Wenn Sie sich anmelden, richten wir auch mehrere Cookies ein, um Ihre Anmeldeinformationen und Ihre Bildschirmanzeige-Einstellungen zu speichern. Anmeldecookies bleiben zwei Tage lang g\u00fcltig, und Bildschirmoptionen-Cookies bleiben ein Jahr lang g\u00fcltig. Wenn Sie &#8222;Angemeldet bleiben&#8220; ausw\u00e4hlen, bleibt Ihr Anmeldecookie zwei Wochen lang erhalten. Wenn Sie sich von Ihrem Konto abmelden, wird das Anmeldecookie gel\u00f6scht.<\/p><p>Wenn Sie einen Artikel bearbeiten oder ver\u00f6ffentlichen, wird ein zus\u00e4tzliches Cookie in Ihrem Browser gespeichert. Dieses Cookie enth\u00e4lt keine pers\u00f6nlichen Daten, sondern zeigt lediglich die ID des Artikels an, den Sie gerade bearbeitet haben. Es verf\u00e4llt nach einem Tag.<\/p><p><strong>F\u00fcr weitere Informationen kontaktieren Sie uns bitte telefonisch unter +41 (0)79 797 88 31 oder per E-Mail unter info@cave-emery.ch.<\/strong><\/p>\t\t\t\t\t\t\t\t<\/div>\n\t\t\t\t<\/div>\n\t\t\t\t\t<\/div>\n\t\t<\/div>\n\t\t\t\t\t<\/div>\n\t\t<\/section>\n\t\t\t\t<\/div>\n\t\t","protected":false},"excerpt":{"rendered":"<p>Bitte beachten Sie, dass der Inhalt auf der Website www.cave-emery.ch jederzeit von Cave Alain Emery ohne vorherige Ank\u00fcndigung ge\u00e4ndert oder erg\u00e4nzt werden kann, insbesondere um gesetzlichen, beh\u00f6rdlichen, gerichtlichen oder technologischen Entwicklungen gerecht zu werden. Benutzer sind ab dem Datum dieser \u00c4nderungen daran gebunden. Schutz der auf der Website ver\u00f6ffentlichten Daten Gem\u00e4\u00df den Bestimmungen des Bundesgesetzes [&hellip;]<\/p>\n","protected":false},"author":3,"featured_media":0,"parent":0,"menu_order":0,"comment_status":"closed","ping_status":"closed","template":"","meta":{"site-sidebar-layout":"default","site-content-layout":"","ast-site-content-layout":"default","site-content-style":"default","site-sidebar-style":"default","ast-global-header-display":"","ast-banner-title-visibility":"","ast-main-header-display":"","ast-hfb-above-header-display":"","ast-hfb-below-header-display":"","ast-hfb-mobile-header-display":"","site-post-title":"","ast-breadcrumbs-content":"","ast-featured-img":"","footer-sml-layout":"","theme-transparent-header-meta":"","adv-header-id-meta":"","stick-header-meta":"","header-above-stick-meta":"","header-main-stick-meta":"","header-below-stick-meta":"","astra-migrate-meta-layouts":"set","ast-page-background-enabled":"default","ast-page-background-meta":{"desktop":{"background-color":"var(--ast-global-color-4)","background-image":"","background-repeat":"repeat","background-position":"center center","background-size":"auto","background-attachment":"scroll","background-type":"","background-media":"","overlay-type":"","overlay-color":"","overlay-opacity":"","overlay-gradient":""},"tablet":{"background-color":"","background-image":"","background-repeat":"repeat","background-position":"center center","background-size":"auto","background-attachment":"scroll","background-type":"","background-media":"","overlay-type":"","overlay-color":"","overlay-opacity":"","overlay-gradient":""},"mobile":{"background-color":"","background-image":"","background-repeat":"repeat","background-position":"center center","background-size":"auto","background-attachment":"scroll","background-type":"","background-media":"","overlay-type":"","overlay-color":"","overlay-opacity":"","overlay-gradient":""}},"ast-content-background-meta":{"desktop":{"background-color":"var(--ast-global-color-5)","background-image":"","background-repeat":"repeat","background-position":"center center","background-size":"auto","background-attachment":"scroll","background-type":"","background-media":"","overlay-type":"","overlay-color":"","overlay-opacity":"","overlay-gradient":""},"tablet":{"background-color":"var(--ast-global-color-5)","background-image":"","background-repeat":"repeat","background-position":"center center","background-size":"auto","background-attachment":"scroll","background-type":"","background-media":"","overlay-type":"","overlay-color":"","overlay-opacity":"","overlay-gradient":""},"mobile":{"background-color":"var(--ast-global-color-5)","background-image":"","background-repeat":"repeat","background-position":"center center","background-size":"auto","background-attachment":"scroll","background-type":"","background-media":"","overlay-type":"","overlay-color":"","overlay-opacity":"","overlay-gradient":""}},"footnotes":""},"class_list":["post-10009","page","type-page","status-publish","hentry"],"_links":{"self":[{"href":"https:\/\/cave-emery.ch\/de\/wp-json\/wp\/v2\/pages\/10009","targetHints":{"allow":["GET"]}}],"collection":[{"href":"https:\/\/cave-emery.ch\/de\/wp-json\/wp\/v2\/pages"}],"about":[{"href":"https:\/\/cave-emery.ch\/de\/wp-json\/wp\/v2\/types\/page"}],"author":[{"embeddable":true,"href":"https:\/\/cave-emery.ch\/de\/wp-json\/wp\/v2\/users\/3"}],"replies":[{"embeddable":true,"href":"https:\/\/cave-emery.ch\/de\/wp-json\/wp\/v2\/comments?post=10009"}],"version-history":[{"count":5,"href":"https:\/\/cave-emery.ch\/de\/wp-json\/wp\/v2\/pages\/10009\/revisions"}],"predecessor-version":[{"id":10028,"href":"https:\/\/cave-emery.ch\/de\/wp-json\/wp\/v2\/pages\/10009\/revisions\/10028"}],"wp:attachment":[{"href":"https:\/\/cave-emery.ch\/de\/wp-json\/wp\/v2\/media?parent=10009"}],"curies":[{"name":"wp","href":"https:\/\/api.w.org\/{rel}","templated":true}]}}