{"id":10004,"date":"2023-06-18T15:06:07","date_gmt":"2023-06-18T15:06:07","guid":{"rendered":"https:\/\/cave-emery.ch\/mentions-legales\/"},"modified":"2023-09-09T10:09:19","modified_gmt":"2023-09-09T10:09:19","slug":"impressum","status":"publish","type":"page","link":"https:\/\/cave-emery.ch\/de\/impressum\/","title":{"rendered":"Impressum"},"content":{"rendered":"\t\t<div data-elementor-type=\"wp-page\" data-elementor-id=\"10004\" class=\"elementor elementor-10004 elementor-9198\" data-elementor-post-type=\"page\">\n\t\t\t\t\t\t<section class=\"elementor-section elementor-top-section elementor-element elementor-element-1ff685ca elementor-section-boxed elementor-section-height-default elementor-section-height-default\" data-id=\"1ff685ca\" data-element_type=\"section\" data-e-type=\"section\">\n\t\t\t\t\t\t<div class=\"elementor-container elementor-column-gap-default\">\n\t\t\t\t\t<div class=\"elementor-column elementor-col-100 elementor-top-column elementor-element elementor-element-5e02d429\" data-id=\"5e02d429\" data-element_type=\"column\" data-e-type=\"column\">\n\t\t\t<div class=\"elementor-widget-wrap elementor-element-populated\">\n\t\t\t\t\t\t<div class=\"elementor-element elementor-element-508ab869 elementor-widget elementor-widget-text-editor\" data-id=\"508ab869\" data-element_type=\"widget\" data-e-type=\"widget\" data-widget_type=\"text-editor.default\">\n\t\t\t\t<div class=\"elementor-widget-container\">\n\t\t\t\t\t\t\t\t\t<p><strong>Cave Alain Emery<\/strong><br \/><strong>Avenue du Clo\u00eetre 22<\/strong><br \/><strong>CH-1860 Aigle<\/strong><\/p><p>E-Mail: info@cave-emery.ch<br \/>Website: www.cave-emery.ch<\/p><p>USt-IdNr.: CHE-113.855.626<br \/>Gesetzlicher Vertreter: Alain Emery, Inhaber &amp; Winzer<\/p><p><strong>Webmaster<\/strong><\/p><p>ZE Zeste | Saft f\u00fcr das Gesch\u00e4ftsleben<br \/>Zeste Business Office<br \/>Hauptstra\u00dfe 25, CH-1978 Lens<\/p><p>Telefon: +41 78 950 41 71<br \/>E-Mail: contact@zeste.biz<\/p><p><strong>Website-Hosting<\/strong><\/p><p>Zeste international SA<br \/>Raoul Baudlez<br \/>Av du Rothorn 11, CH-3960 Sierre<\/p><p>Telefon: +41 78 950 41 71<\/p><p><strong>Jugendschutz<\/strong><\/p><p>Gem\u00e4\u00df Artikel 13681 StGB, der den Verkauf von alkoholischen Getr\u00e4nken oder anderen Substanzen in Mengen, die die Gesundheit gef\u00e4hrden k\u00f6nnten, f\u00fcr Minderj\u00e4hrige unter sechzehn Jahren (16) verbietet, verpflichtet sich der K\u00e4ufer, beim Ausf\u00fcllen des Bestellformulars am Bestelldatum mindestens sechzehn Jahre alt zu sein.<\/p><p><strong>Alkoholmissbrauch<\/strong><\/p><p>\u00dcberm\u00e4\u00dfiger Alkoholkonsum ist gesundheitssch\u00e4dlich. Bitte konsumieren und genie\u00dfen Sie Alkohol verantwortungsbewusst.<\/p><p>Anwendbares Recht und Gerichtsstand<\/p><p>Unsere Allgemeinen Gesch\u00e4ftsbedingungen unterliegen schweizerischem Recht. Alle Streitigkeiten im Zusammenhang mit Verk\u00e4ufen, die im Rahmen dieser Allgemeinen Verkaufsbedingungen get\u00e4tigt wurden, unterliegen der ausschlie\u00dflichen Zust\u00e4ndigkeit der Gerichte des Kantons Waadt, vorbehaltlich einer m\u00f6glichen Berufung vor dem Bundesgericht. Der Gerichtsstand befindet sich in Aigle.<\/p><p>F\u00fcr weitere Informationen kontaktieren Sie uns bitte telefonisch unter +41 (0)79 797 88 31 oder per E-Mail an info@cave-emery.ch.<\/p>\t\t\t\t\t\t\t\t<\/div>\n\t\t\t\t<\/div>\n\t\t\t\t\t<\/div>\n\t\t<\/div>\n\t\t\t\t\t<\/div>\n\t\t<\/section>\n\t\t\t\t<\/div>\n\t\t","protected":false},"excerpt":{"rendered":"<p>Cave Alain Emery Avenue du Clo\u00eetre 22 CH-1860 Aigle E-Mail: info@cave-emery.ch Website: www.cave-emery.ch USt-IdNr.: CHE-113.855.626 Gesetzlicher Vertreter: Alain Emery, Inhaber &amp; Winzer Webmaster ZE Zeste | Saft f\u00fcr das Gesch\u00e4ftsleben Zeste Business Office Hauptstra\u00dfe 25, CH-1978 Lens Telefon: +41 78 950 41 71 E-Mail: contact@zeste.biz Website-Hosting Zeste international SA Raoul Baudlez Av du Rothorn 11, [&hellip;]<\/p>\n","protected":false},"author":4,"featured_media":0,"parent":0,"menu_order":0,"comment_status":"closed","ping_status":"closed","template":"","meta":{"site-sidebar-layout":"default","site-content-layout":"","ast-site-content-layout":"default","site-content-style":"default","site-sidebar-style":"default","ast-global-header-display":"","ast-banner-title-visibility":"","ast-main-header-display":"","ast-hfb-above-header-display":"","ast-hfb-below-header-display":"","ast-hfb-mobile-header-display":"","site-post-title":"","ast-breadcrumbs-content":"","ast-featured-img":"","footer-sml-layout":"","theme-transparent-header-meta":"","adv-header-id-meta":"","stick-header-meta":"","header-above-stick-meta":"","header-main-stick-meta":"","header-below-stick-meta":"","astra-migrate-meta-layouts":"set","ast-page-background-enabled":"default","ast-page-background-meta":{"desktop":{"background-color":"var(--ast-global-color-4)","background-image":"","background-repeat":"repeat","background-position":"center center","background-size":"auto","background-attachment":"scroll","background-type":"","background-media":"","overlay-type":"","overlay-color":"","overlay-opacity":"","overlay-gradient":""},"tablet":{"background-color":"","background-image":"","background-repeat":"repeat","background-position":"center center","background-size":"auto","background-attachment":"scroll","background-type":"","background-media":"","overlay-type":"","overlay-color":"","overlay-opacity":"","overlay-gradient":""},"mobile":{"background-color":"","background-image":"","background-repeat":"repeat","background-position":"center center","background-size":"auto","background-attachment":"scroll","background-type":"","background-media":"","overlay-type":"","overlay-color":"","overlay-opacity":"","overlay-gradient":""}},"ast-content-background-meta":{"desktop":{"background-color":"var(--ast-global-color-5)","background-image":"","background-repeat":"repeat","background-position":"center center","background-size":"auto","background-attachment":"scroll","background-type":"","background-media":"","overlay-type":"","overlay-color":"","overlay-opacity":"","overlay-gradient":""},"tablet":{"background-color":"var(--ast-global-color-5)","background-image":"","background-repeat":"repeat","background-position":"center center","background-size":"auto","background-attachment":"scroll","background-type":"","background-media":"","overlay-type":"","overlay-color":"","overlay-opacity":"","overlay-gradient":""},"mobile":{"background-color":"var(--ast-global-color-5)","background-image":"","background-repeat":"repeat","background-position":"center center","background-size":"auto","background-attachment":"scroll","background-type":"","background-media":"","overlay-type":"","overlay-color":"","overlay-opacity":"","overlay-gradient":""}},"footnotes":""},"class_list":["post-10004","page","type-page","status-publish","hentry"],"_links":{"self":[{"href":"https:\/\/cave-emery.ch\/de\/wp-json\/wp\/v2\/pages\/10004","targetHints":{"allow":["GET"]}}],"collection":[{"href":"https:\/\/cave-emery.ch\/de\/wp-json\/wp\/v2\/pages"}],"about":[{"href":"https:\/\/cave-emery.ch\/de\/wp-json\/wp\/v2\/types\/page"}],"author":[{"embeddable":true,"href":"https:\/\/cave-emery.ch\/de\/wp-json\/wp\/v2\/users\/4"}],"replies":[{"embeddable":true,"href":"https:\/\/cave-emery.ch\/de\/wp-json\/wp\/v2\/comments?post=10004"}],"version-history":[{"count":5,"href":"https:\/\/cave-emery.ch\/de\/wp-json\/wp\/v2\/pages\/10004\/revisions"}],"predecessor-version":[{"id":10020,"href":"https:\/\/cave-emery.ch\/de\/wp-json\/wp\/v2\/pages\/10004\/revisions\/10020"}],"wp:attachment":[{"href":"https:\/\/cave-emery.ch\/de\/wp-json\/wp\/v2\/media?parent=10004"}],"curies":[{"name":"wp","href":"https:\/\/api.w.org\/{rel}","templated":true}]}}